{"id":544,"date":"2024-02-15T16:16:23","date_gmt":"2024-02-15T16:16:23","guid":{"rendered":"https:\/\/hfzasesores.com\/about-us\/"},"modified":"2024-06-27T11:32:31","modified_gmt":"2024-06-27T11:32:31","slug":"about-us","status":"publish","type":"page","link":"https:\/\/hfzasesores.com\/en\/about-us\/","title":{"rendered":"About us"},"content":{"rendered":"\t\t<div data-elementor-type=\"wp-page\" data-elementor-id=\"544\" class=\"elementor elementor-544 elementor-11\" data-elementor-post-type=\"page\">\n\t\t\t\t<div class=\"elementor-element elementor-element-f34da48 e-flex e-con-boxed e-con e-parent\" data-id=\"f34da48\" data-element_type=\"container\" data-settings=\"{&quot;background_background&quot;:&quot;classic&quot;}\">\n\t\t\t\t\t<div class=\"e-con-inner\">\n\t\t\t\t\t<\/div>\n\t\t\t\t<\/div>\n\t\t<div class=\"elementor-element elementor-element-851773f e-flex e-con-boxed e-con e-parent\" data-id=\"851773f\" data-element_type=\"container\">\n\t\t\t\t\t<div class=\"e-con-inner\">\n\t\t\t\t<div class=\"elementor-element elementor-element-a21ddac elementor-invisible elementor-widget elementor-widget-heading\" data-id=\"a21ddac\" data-element_type=\"widget\" data-settings=\"{&quot;_animation&quot;:&quot;slideInUp&quot;}\" data-widget_type=\"heading.default\">\n\t\t\t\t<div class=\"elementor-widget-container\">\n\t\t\t<h1 class=\"elementor-heading-title elementor-size-default\">Hidalgo Fdez - Z\u00fa\u00f1iga<\/h1>\t\t<\/div>\n\t\t\t\t<\/div>\n\t\t\t\t<div class=\"elementor-element elementor-element-79a0c8b elementor-widget elementor-widget-heading\" data-id=\"79a0c8b\" data-element_type=\"widget\" data-widget_type=\"heading.default\">\n\t\t\t\t<div class=\"elementor-widget-container\">\n\t\t\t<h2 class=\"elementor-heading-title elementor-size-default\">Solid expertise and reliable solutions in legal and tax advice<\/h2>\t\t<\/div>\n\t\t\t\t<\/div>\n\t\t\t\t\t<\/div>\n\t\t\t\t<\/div>\n\t\t<div class=\"elementor-element elementor-element-a50c0ad e-flex e-con-boxed e-con e-parent\" data-id=\"a50c0ad\" data-element_type=\"container\">\n\t\t\t\t\t<div class=\"e-con-inner\">\n\t\t<div class=\"elementor-element elementor-element-1504740 e-con-full e-flex elementor-invisible e-con e-child\" data-id=\"1504740\" data-element_type=\"container\" data-settings=\"{&quot;background_background&quot;:&quot;classic&quot;,&quot;animation&quot;:&quot;slideInLeft&quot;}\">\n\t\t\t\t<div class=\"elementor-element elementor-element-ec628cb elementor-widget elementor-widget-text-editor\" data-id=\"ec628cb\" data-element_type=\"widget\" data-widget_type=\"text-editor.default\">\n\t\t\t\t<div class=\"elementor-widget-container\">\n\t\t\t\t\t\t\t<p>Since 1997 in Malaga. <\/p>\n\t\t\t\t\t\t<\/div>\n\t\t\t\t<\/div>\n\t\t\t\t<div class=\"elementor-element elementor-element-599b454 elementor-widget elementor-widget-text-editor\" data-id=\"599b454\" data-element_type=\"widget\" data-widget_type=\"text-editor.default\">\n\t\t\t\t<div class=\"elementor-widget-container\">\n\t\t\t\t\t\t\t<p>Lawyers &#8211; Economists &#8211; Auditors<\/p>\n\t\t\t\t\t\t<\/div>\n\t\t\t\t<\/div>\n\t\t\t\t<\/div>\n\t\t<div class=\"elementor-element elementor-element-597e9f2 e-con-full e-flex elementor-invisible e-con e-child\" data-id=\"597e9f2\" data-element_type=\"container\" data-settings=\"{&quot;background_background&quot;:&quot;classic&quot;,&quot;animation&quot;:&quot;slideInRight&quot;}\">\n\t\t\t\t<\/div>\n\t\t\t\t\t<\/div>\n\t\t\t\t<\/div>\n\t\t<div class=\"elementor-element elementor-element-4ad7280 e-flex e-con-boxed e-con e-parent\" data-id=\"4ad7280\" data-element_type=\"container\">\n\t\t\t\t\t<div class=\"e-con-inner\">\n\t\t<div class=\"elementor-element elementor-element-b340ebd e-con-full elementor-hidden-mobile e-flex elementor-invisible e-con e-child\" data-id=\"b340ebd\" data-element_type=\"container\" data-settings=\"{&quot;background_background&quot;:&quot;classic&quot;,&quot;background_motion_fx_motion_fx_scrolling&quot;:&quot;yes&quot;,&quot;background_motion_fx_scale_effect&quot;:&quot;yes&quot;,&quot;background_motion_fx_scale_speed&quot;:{&quot;unit&quot;:&quot;px&quot;,&quot;size&quot;:1,&quot;sizes&quot;:[]},&quot;background_motion_fx_devices&quot;:[&quot;desktop&quot;],&quot;animation&quot;:&quot;slideInLeft&quot;,&quot;background_motion_fx_scale_direction&quot;:&quot;out-in&quot;,&quot;background_motion_fx_scale_range&quot;:{&quot;unit&quot;:&quot;%&quot;,&quot;size&quot;:&quot;&quot;,&quot;sizes&quot;:{&quot;start&quot;:20,&quot;end&quot;:80}}}\">\n\t\t\t\t<\/div>\n\t\t<div class=\"elementor-element elementor-element-2e1d93a e-con-full e-flex elementor-invisible e-con e-child\" data-id=\"2e1d93a\" data-element_type=\"container\" data-settings=\"{&quot;background_background&quot;:&quot;classic&quot;,&quot;background_motion_fx_motion_fx_scrolling&quot;:&quot;yes&quot;,&quot;background_motion_fx_scale_effect&quot;:&quot;yes&quot;,&quot;background_motion_fx_scale_speed&quot;:{&quot;unit&quot;:&quot;px&quot;,&quot;size&quot;:1,&quot;sizes&quot;:[]},&quot;background_motion_fx_devices&quot;:[&quot;desktop&quot;],&quot;animation&quot;:&quot;slideInRight&quot;,&quot;background_motion_fx_scale_direction&quot;:&quot;out-in&quot;,&quot;background_motion_fx_scale_range&quot;:{&quot;unit&quot;:&quot;%&quot;,&quot;size&quot;:&quot;&quot;,&quot;sizes&quot;:{&quot;start&quot;:20,&quot;end&quot;:80}}}\">\n\t\t\t\t<div class=\"elementor-element elementor-element-2ad0cf6 elementor-widget elementor-widget-text-editor\" data-id=\"2ad0cf6\" data-element_type=\"widget\" data-widget_type=\"text-editor.default\">\n\t\t\t\t<div class=\"elementor-widget-container\">\n\t\t\t\t\t\t\t<p>The firm was <strong>founded in 1997<\/strong> by <strong>the Hidalgo Fern\u00e1ndez-Z\u00fa\u00f1iga brothers<\/strong>, \u00c1lvaro and Jos\u00e9 Luis, a chartered accountant and a lawyer respectively.<\/p>\n\t\t\t\t\t\t<\/div>\n\t\t\t\t<\/div>\n\t\t\t\t<div class=\"elementor-element elementor-element-b259f96 elementor-widget elementor-widget-text-editor\" data-id=\"b259f96\" data-element_type=\"widget\" data-widget_type=\"text-editor.default\">\n\t\t\t\t<div class=\"elementor-widget-container\">\n\t\t\t\t\t\t\t<p>Both had previously developed their careers individually and had <strong>over 15 years&#8217; experience<\/strong> in the accounting, finance, tax and commercial fields <strong>when the company was formed<\/strong>.<\/p>\n<p>In the 2.000s, they also specialised in insolvency law, managing and liquidating companies, many of which had <strong>a significant national track record. <\/strong> <\/p>\n<p>The team currently consists of <strong>lawyers, economists and accountants<\/strong> who are constantly trained and updated on the latest developments, changes and amendments to existing regulations.<\/p>\n<p><strong>HFZ&#8217;s organisational culture is client-focused<\/strong>, building a relationship of trust with our clients and basing our work on professionalism and respect.<\/p>\n<p>We focus on understanding the needs, problems and activities of each client in order to provide them with <strong>the best and most appropriate comprehensive and continuous advice<\/strong>, thus fulfilling their administrative, legal and tax obligations, reducing their costs and making them more competitive and flexible.<\/p>\n\t\t\t\t\t\t<\/div>\n\t\t\t\t<\/div>\n\t\t\t\t<div class=\"elementor-element elementor-element-423201b elementor-align-left elementor-mobile-align-justify elementor-widget elementor-widget-button\" data-id=\"423201b\" data-element_type=\"widget\" data-widget_type=\"button.default\">\n\t\t\t\t<div class=\"elementor-widget-container\">\n\t\t\t\t\t<div class=\"elementor-button-wrapper\">\n\t\t\t<a class=\"elementor-button elementor-button-link elementor-size-sm\" href=\"https:\/\/hfzasesores.com\/en\/contact\/\">\n\t\t\t\t\t\t<span class=\"elementor-button-content-wrapper\">\n\t\t\t\t\t\t\t\t\t<span class=\"elementor-button-text\">Contact<\/span>\n\t\t\t\t\t<\/span>\n\t\t\t\t\t<\/a>\n\t\t<\/div>\n\t\t\t\t<\/div>\n\t\t\t\t<\/div>\n\t\t\t\t<\/div>\n\t\t\t\t\t<\/div>\n\t\t\t\t<\/div>\n\t\t<div class=\"elementor-element elementor-element-38c629a e-flex e-con-boxed e-con e-parent\" data-id=\"38c629a\" data-element_type=\"container\">\n\t\t\t\t\t<div class=\"e-con-inner\">\n\t\t\t\t<div class=\"elementor-element elementor-element-216ca3d elementor-widget elementor-widget-spacer\" data-id=\"216ca3d\" data-element_type=\"widget\" data-widget_type=\"spacer.default\">\n\t\t\t\t<div class=\"elementor-widget-container\">\n\t\t\t\t\t<div class=\"elementor-spacer\">\n\t\t\t<div class=\"elementor-spacer-inner\"><\/div>\n\t\t<\/div>\n\t\t\t\t<\/div>\n\t\t\t\t<\/div>\n\t\t\t\t\t<\/div>\n\t\t\t\t<\/div>\n\t\t\t\t<\/div>\n\t\t","protected":false},"excerpt":{"rendered":"<p>Hidalgo Fdez &#8211; Z\u00fa\u00f1iga Solid expertise and reliable solutions in legal and tax advice Since 1997 in Malaga. Lawyers &#8211; Economists &#8211; Auditors The firm was founded in 1997 by the Hidalgo Fern\u00e1ndez-Z\u00fa\u00f1iga brothers, \u00c1lvaro and Jos\u00e9 Luis, a chartered accountant and a lawyer respectively. Both had previously developed their careers individually and had over [&hellip;]<\/p>\n","protected":false},"author":1,"featured_media":206,"parent":0,"menu_order":0,"comment_status":"closed","ping_status":"closed","template":"","meta":{"footnotes":""},"class_list":["post-544","page","type-page","status-publish","has-post-thumbnail","hentry"],"yoast_head":"<!-- This site is optimized with the Yoast SEO plugin v23.4 - https:\/\/yoast.com\/wordpress\/plugins\/seo\/ -->\n<title>About us | Hidalgo Fernandez - Z\u00fa\u00f1iga | Legal and Tax Advisors<\/title>\n<meta name=\"description\" content=\"The firm was founded in 1997 by the Hidalgo Fern\u00e1ndez-Z\u00fa\u00f1iga brothers, \u00c1lvaro and Jos\u00e9 Luis, chartered accountants and lawyers.\" \/>\n<meta name=\"robots\" content=\"index, follow, max-snippet:-1, max-image-preview:large, max-video-preview:-1\" \/>\n<link rel=\"canonical\" href=\"https:\/\/hfzasesores.com\/en\/about-us\/\" \/>\n<meta property=\"og:locale\" content=\"en_US\" \/>\n<meta property=\"og:type\" content=\"article\" \/>\n<meta property=\"og:title\" content=\"About us | Hidalgo Fernandez - Z\u00fa\u00f1iga | Legal and Tax Advisors\" \/>\n<meta property=\"og:description\" content=\"The firm was founded in 1997 by the Hidalgo Fern\u00e1ndez-Z\u00fa\u00f1iga brothers, \u00c1lvaro and Jos\u00e9 Luis, chartered accountants and lawyers.\" \/>\n<meta property=\"og:url\" content=\"https:\/\/hfzasesores.com\/en\/about-us\/\" \/>\n<meta property=\"og:site_name\" content=\"Hidalgo Fernandez - Z\u00fa\u00f1iga\" \/>\n<meta property=\"article:modified_time\" content=\"2024-06-27T11:32:31+00:00\" \/>\n<meta property=\"og:image\" content=\"https:\/\/hfzasesores.com\/wp-content\/uploads\/2024\/02\/Hidalgo-Fernandez-Zuniga-Asesores-legales-y-tributarios-Malaga-34.jpg\" \/>\n\t<meta property=\"og:image:width\" content=\"1724\" \/>\n\t<meta property=\"og:image:height\" content=\"1149\" \/>\n\t<meta property=\"og:image:type\" content=\"image\/jpeg\" \/>\n<meta name=\"twitter:card\" content=\"summary_large_image\" \/>\n<meta name=\"twitter:label1\" content=\"Est. reading time\" \/>\n\t<meta name=\"twitter:data1\" content=\"1 minute\" \/>\n<script type=\"application\/ld+json\" class=\"yoast-schema-graph\">{\"@context\":\"https:\/\/schema.org\",\"@graph\":[{\"@type\":\"WebPage\",\"@id\":\"https:\/\/hfzasesores.com\/en\/about-us\/\",\"url\":\"https:\/\/hfzasesores.com\/en\/about-us\/\",\"name\":\"About us | Hidalgo Fernandez - Z\u00fa\u00f1iga | Legal and Tax Advisors\",\"isPartOf\":{\"@id\":\"https:\/\/hfzasesores.com\/en\/#website\"},\"primaryImageOfPage\":{\"@id\":\"https:\/\/hfzasesores.com\/en\/about-us\/#primaryimage\"},\"image\":{\"@id\":\"https:\/\/hfzasesores.com\/en\/about-us\/#primaryimage\"},\"thumbnailUrl\":\"https:\/\/hfzasesores.com\/wp-content\/uploads\/2024\/02\/Hidalgo-Fernandez-Zuniga-Asesores-legales-y-tributarios-Malaga-34.jpg\",\"datePublished\":\"2024-02-15T16:16:23+00:00\",\"dateModified\":\"2024-06-27T11:32:31+00:00\",\"description\":\"The firm was founded in 1997 by the Hidalgo Fern\u00e1ndez-Z\u00fa\u00f1iga brothers, \u00c1lvaro and Jos\u00e9 Luis, chartered accountants and lawyers.\",\"breadcrumb\":{\"@id\":\"https:\/\/hfzasesores.com\/en\/about-us\/#breadcrumb\"},\"inLanguage\":\"en-US\",\"potentialAction\":[{\"@type\":\"ReadAction\",\"target\":[\"https:\/\/hfzasesores.com\/en\/about-us\/\"]}]},{\"@type\":\"ImageObject\",\"inLanguage\":\"en-US\",\"@id\":\"https:\/\/hfzasesores.com\/en\/about-us\/#primaryimage\",\"url\":\"https:\/\/hfzasesores.com\/wp-content\/uploads\/2024\/02\/Hidalgo-Fernandez-Zuniga-Asesores-legales-y-tributarios-Malaga-34.jpg\",\"contentUrl\":\"https:\/\/hfzasesores.com\/wp-content\/uploads\/2024\/02\/Hidalgo-Fernandez-Zuniga-Asesores-legales-y-tributarios-Malaga-34.jpg\",\"width\":1724,\"height\":1149},{\"@type\":\"BreadcrumbList\",\"@id\":\"https:\/\/hfzasesores.com\/en\/about-us\/#breadcrumb\",\"itemListElement\":[{\"@type\":\"ListItem\",\"position\":1,\"name\":\"Portada\",\"item\":\"https:\/\/hfzasesores.com\/en\/\"},{\"@type\":\"ListItem\",\"position\":2,\"name\":\"About us\"}]},{\"@type\":\"WebSite\",\"@id\":\"https:\/\/hfzasesores.com\/en\/#website\",\"url\":\"https:\/\/hfzasesores.com\/en\/\",\"name\":\"Hidalgo Fernandez-Zu\u00f1iga Asesores\",\"description\":\"Asesores Legales y Tributarios\",\"publisher\":{\"@id\":\"https:\/\/hfzasesores.com\/en\/#organization\"},\"alternateName\":\"Asesores Legales y Tributarios\",\"potentialAction\":[{\"@type\":\"SearchAction\",\"target\":{\"@type\":\"EntryPoint\",\"urlTemplate\":\"https:\/\/hfzasesores.com\/en\/?s={search_term_string}\"},\"query-input\":{\"@type\":\"PropertyValueSpecification\",\"valueRequired\":true,\"valueName\":\"search_term_string\"}}],\"inLanguage\":\"en-US\"},{\"@type\":\"Organization\",\"@id\":\"https:\/\/hfzasesores.com\/en\/#organization\",\"name\":\"Hidalgo Fernandez-Zu\u00f1iga Asesores Legales y Tributarios\",\"url\":\"https:\/\/hfzasesores.com\/en\/\",\"logo\":{\"@type\":\"ImageObject\",\"inLanguage\":\"en-US\",\"@id\":\"https:\/\/hfzasesores.com\/en\/#\/schema\/logo\/image\/\",\"url\":\"https:\/\/hfzasesores.com\/wp-content\/uploads\/2024\/02\/Favicon-Hidalgo-Fdez-Zuniga-Asesores-Legales-y-Tributarios.png\",\"contentUrl\":\"https:\/\/hfzasesores.com\/wp-content\/uploads\/2024\/02\/Favicon-Hidalgo-Fdez-Zuniga-Asesores-Legales-y-Tributarios.png\",\"width\":1085,\"height\":1085,\"caption\":\"Hidalgo Fernandez-Zu\u00f1iga Asesores Legales y Tributarios\"},\"image\":{\"@id\":\"https:\/\/hfzasesores.com\/en\/#\/schema\/logo\/image\/\"}}]}<\/script>\n<!-- \/ Yoast SEO plugin. -->","yoast_head_json":{"title":"About us | Hidalgo Fernandez - Z\u00fa\u00f1iga | Legal and Tax Advisors","description":"The firm was founded in 1997 by the Hidalgo Fern\u00e1ndez-Z\u00fa\u00f1iga brothers, \u00c1lvaro and Jos\u00e9 Luis, chartered accountants and lawyers.","robots":{"index":"index","follow":"follow","max-snippet":"max-snippet:-1","max-image-preview":"max-image-preview:large","max-video-preview":"max-video-preview:-1"},"canonical":"https:\/\/hfzasesores.com\/en\/about-us\/","og_locale":"en_US","og_type":"article","og_title":"About us | Hidalgo Fernandez - Z\u00fa\u00f1iga | Legal and Tax Advisors","og_description":"The firm was founded in 1997 by the Hidalgo Fern\u00e1ndez-Z\u00fa\u00f1iga brothers, \u00c1lvaro and Jos\u00e9 Luis, chartered accountants and lawyers.","og_url":"https:\/\/hfzasesores.com\/en\/about-us\/","og_site_name":"Hidalgo Fernandez - Z\u00fa\u00f1iga","article_modified_time":"2024-06-27T11:32:31+00:00","og_image":[{"width":1724,"height":1149,"url":"https:\/\/hfzasesores.com\/wp-content\/uploads\/2024\/02\/Hidalgo-Fernandez-Zuniga-Asesores-legales-y-tributarios-Malaga-34.jpg","type":"image\/jpeg"}],"twitter_card":"summary_large_image","twitter_misc":{"Est. reading time":"1 minute"},"schema":{"@context":"https:\/\/schema.org","@graph":[{"@type":"WebPage","@id":"https:\/\/hfzasesores.com\/en\/about-us\/","url":"https:\/\/hfzasesores.com\/en\/about-us\/","name":"About us | Hidalgo Fernandez - Z\u00fa\u00f1iga | Legal and Tax Advisors","isPartOf":{"@id":"https:\/\/hfzasesores.com\/en\/#website"},"primaryImageOfPage":{"@id":"https:\/\/hfzasesores.com\/en\/about-us\/#primaryimage"},"image":{"@id":"https:\/\/hfzasesores.com\/en\/about-us\/#primaryimage"},"thumbnailUrl":"https:\/\/hfzasesores.com\/wp-content\/uploads\/2024\/02\/Hidalgo-Fernandez-Zuniga-Asesores-legales-y-tributarios-Malaga-34.jpg","datePublished":"2024-02-15T16:16:23+00:00","dateModified":"2024-06-27T11:32:31+00:00","description":"The firm was founded in 1997 by the Hidalgo Fern\u00e1ndez-Z\u00fa\u00f1iga brothers, \u00c1lvaro and Jos\u00e9 Luis, chartered accountants and lawyers.","breadcrumb":{"@id":"https:\/\/hfzasesores.com\/en\/about-us\/#breadcrumb"},"inLanguage":"en-US","potentialAction":[{"@type":"ReadAction","target":["https:\/\/hfzasesores.com\/en\/about-us\/"]}]},{"@type":"ImageObject","inLanguage":"en-US","@id":"https:\/\/hfzasesores.com\/en\/about-us\/#primaryimage","url":"https:\/\/hfzasesores.com\/wp-content\/uploads\/2024\/02\/Hidalgo-Fernandez-Zuniga-Asesores-legales-y-tributarios-Malaga-34.jpg","contentUrl":"https:\/\/hfzasesores.com\/wp-content\/uploads\/2024\/02\/Hidalgo-Fernandez-Zuniga-Asesores-legales-y-tributarios-Malaga-34.jpg","width":1724,"height":1149},{"@type":"BreadcrumbList","@id":"https:\/\/hfzasesores.com\/en\/about-us\/#breadcrumb","itemListElement":[{"@type":"ListItem","position":1,"name":"Portada","item":"https:\/\/hfzasesores.com\/en\/"},{"@type":"ListItem","position":2,"name":"About us"}]},{"@type":"WebSite","@id":"https:\/\/hfzasesores.com\/en\/#website","url":"https:\/\/hfzasesores.com\/en\/","name":"Hidalgo Fernandez-Zu\u00f1iga Asesores","description":"Asesores Legales y Tributarios","publisher":{"@id":"https:\/\/hfzasesores.com\/en\/#organization"},"alternateName":"Asesores Legales y Tributarios","potentialAction":[{"@type":"SearchAction","target":{"@type":"EntryPoint","urlTemplate":"https:\/\/hfzasesores.com\/en\/?s={search_term_string}"},"query-input":{"@type":"PropertyValueSpecification","valueRequired":true,"valueName":"search_term_string"}}],"inLanguage":"en-US"},{"@type":"Organization","@id":"https:\/\/hfzasesores.com\/en\/#organization","name":"Hidalgo Fernandez-Zu\u00f1iga Asesores Legales y Tributarios","url":"https:\/\/hfzasesores.com\/en\/","logo":{"@type":"ImageObject","inLanguage":"en-US","@id":"https:\/\/hfzasesores.com\/en\/#\/schema\/logo\/image\/","url":"https:\/\/hfzasesores.com\/wp-content\/uploads\/2024\/02\/Favicon-Hidalgo-Fdez-Zuniga-Asesores-Legales-y-Tributarios.png","contentUrl":"https:\/\/hfzasesores.com\/wp-content\/uploads\/2024\/02\/Favicon-Hidalgo-Fdez-Zuniga-Asesores-Legales-y-Tributarios.png","width":1085,"height":1085,"caption":"Hidalgo Fernandez-Zu\u00f1iga Asesores Legales y Tributarios"},"image":{"@id":"https:\/\/hfzasesores.com\/en\/#\/schema\/logo\/image\/"}}]}},"_links":{"self":[{"href":"https:\/\/hfzasesores.com\/en\/wp-json\/wp\/v2\/pages\/544","targetHints":{"allow":["GET"]}}],"collection":[{"href":"https:\/\/hfzasesores.com\/en\/wp-json\/wp\/v2\/pages"}],"about":[{"href":"https:\/\/hfzasesores.com\/en\/wp-json\/wp\/v2\/types\/page"}],"author":[{"embeddable":true,"href":"https:\/\/hfzasesores.com\/en\/wp-json\/wp\/v2\/users\/1"}],"replies":[{"embeddable":true,"href":"https:\/\/hfzasesores.com\/en\/wp-json\/wp\/v2\/comments?post=544"}],"version-history":[{"count":5,"href":"https:\/\/hfzasesores.com\/en\/wp-json\/wp\/v2\/pages\/544\/revisions"}],"predecessor-version":[{"id":673,"href":"https:\/\/hfzasesores.com\/en\/wp-json\/wp\/v2\/pages\/544\/revisions\/673"}],"wp:featuredmedia":[{"embeddable":true,"href":"https:\/\/hfzasesores.com\/en\/wp-json\/wp\/v2\/media\/206"}],"wp:attachment":[{"href":"https:\/\/hfzasesores.com\/en\/wp-json\/wp\/v2\/media?parent=544"}],"curies":[{"name":"wp","href":"https:\/\/api.w.org\/{rel}","templated":true}]}}